{"id":4233,"date":"2026-04-09T00:42:30","date_gmt":"2026-04-09T00:42:30","guid":{"rendered":"https:\/\/laiva.com.mx\/?page_id=4233"},"modified":"2026-04-09T03:03:20","modified_gmt":"2026-04-09T03:03:20","slug":"medical-center","status":"publish","type":"page","link":"https:\/\/laiva.com.mx\/en\/medical-center\/","title":{"rendered":"medical center"},"content":{"rendered":"<div data-elementor-type=\"wp-page\" data-elementor-id=\"4233\" class=\"elementor elementor-4233\" data-elementor-post-type=\"page\">\n\t\t\t\t<div data-animation-type=\"block\" class=\"elementor-element elementor-element-7495f8b7 e-con-full e-flex sc_layouts_column_icons_position_left animation_type_block elementor-invisible e-con e-parent\" data-id=\"7495f8b7\" data-element_type=\"container\" data-settings=\"{&quot;background_background&quot;:&quot;classic&quot;,&quot;animation&quot;:&quot;ta_fadein&quot;}\">\n\t\t<div data-animation-type=\"block\" class=\"elementor-element elementor-element-35d27df0 e-con-full e-flex sc_layouts_column_icons_position_left animation_type_block elementor-invisible e-con e-child\" data-id=\"35d27df0\" data-element_type=\"container\" data-settings=\"{&quot;background_background&quot;:&quot;classic&quot;,&quot;animation&quot;:&quot;ta_fadeinup&quot;,&quot;animation_delay&quot;:100}\">\n\t\t<div class=\"elementor-element elementor-element-5bb5b7e6 e-con-full e-flex sc_layouts_column_icons_position_left e-con e-child\" data-id=\"5bb5b7e6\" data-element_type=\"container\">\n\t\t\t\t<div class=\"elementor-element elementor-element-1ba8abed sc_fly_static elementor-widget elementor-widget-heading\" data-id=\"1ba8abed\" data-element_type=\"widget\" data-widget_type=\"heading.default\">\n\t\t\t\t\t<h1 class=\"elementor-heading-title elementor-size-default\">Hospitalito La Paz<\/h1>\t\t\t\t<\/div>\n\t\t\t\t<\/div>\n\t\t<div class=\"elementor-element elementor-element-4521e6a1 e-con-full e-flex sc_layouts_column_icons_position_left e-con e-child\" data-id=\"4521e6a1\" data-element_type=\"container\">\n\t\t\t\t<div class=\"elementor-element elementor-element-7124efbe sc_fly_static elementor-widget elementor-widget-heading\" data-id=\"7124efbe\" data-element_type=\"widget\" data-widget_type=\"heading.default\">\n\t\t\t\t\t<h6 class=\"elementor-heading-title elementor-size-default\">Cerca de ti. Para todos.<\/h6>\t\t\t\t<\/div>\n\t\t\t\t<\/div>\n\t\t\t\t<\/div>\n\t\t\t\t<\/div>\n\t\t<div class=\"elementor-element elementor-element-62a1da09 e-flex e-con-boxed sc_layouts_column_icons_position_left e-con e-parent\" data-id=\"62a1da09\" data-element_type=\"container\">\n\t\t\t\t\t<div class=\"e-con-inner\">\n\t\t\t\t<div data-animation-type=\"block\" class=\"elementor-element elementor-element-79c7a4f2 animation_type_block sc_fly_static elementor-invisible elementor-widget elementor-widget-heading\" data-id=\"79c7a4f2\" data-element_type=\"widget\" data-settings=\"{&quot;_animation&quot;:&quot;ta_fadeinup&quot;}\" data-widget_type=\"heading.default\">\n\t\t\t\t\t<h6 class=\"elementor-heading-title elementor-size-default\">La salud digna empieza cuando tambi\u00e9n es accesible para quien la brinda.<\/h6>\t\t\t\t<\/div>\n\t\t\t\t<div data-animation-type=\"block\" class=\"elementor-element elementor-element-18d4de10 elementor-widget__width-initial animation_type_block sc_fly_static elementor-invisible elementor-widget elementor-widget-heading\" data-id=\"18d4de10\" data-element_type=\"widget\" data-settings=\"{&quot;_animation&quot;:&quot;ta_fadeinup&quot;,&quot;_animation_delay&quot;:100}\" data-widget_type=\"heading.default\">\n\t\t\t\t\t<h1 class=\"elementor-heading-title elementor-size-default\">Medical Center<\/h1>\t\t\t\t<\/div>\n\t\t<div class=\"elementor-element elementor-element-7342c38 e-grid e-con-full sc_layouts_column_icons_position_left e-con e-child\" data-id=\"7342c38\" data-element_type=\"container\">\n\t\t\t\t<div data-animation-type=\"block\" class=\"elementor-element elementor-element-4a866cd2 animation_type_block sc_fly_static elementor-invisible elementor-widget elementor-widget-text-editor\" data-id=\"4a866cd2\" data-element_type=\"widget\" data-settings=\"{&quot;_animation&quot;:&quot;ta_fadeinup&quot;}\" data-widget_type=\"text-editor.default\">\n\t\t\t\t\t\t\t\t\t<p>\u00a0<\/p><p>La salud digna empieza cuando tambi\u00e9n es accesible para quien la brinda.\u201d<\/p><p><em>Un modelo de atenci\u00f3n m\u00e9dica accesible, confiable y de calidad, dise\u00f1ado tanto para pacientes como para m\u00e9dicos.<\/em><\/p><p>En M\u00e9xico, la salud muchas veces no falla por falta de m\u00e9dicos, sino por falta de espacios accesibles donde puedan ejercer. Y para los pacientes, la historia es la misma: atenci\u00f3n de calidad que muchas veces est\u00e1 fuera de alcance.<\/p>\t\t\t\t\t\t\t\t<\/div>\n\t\t\t\t<div class=\"elementor-element elementor-element-e8e929e sc_fly_static elementor-widget elementor-widget-image\" data-id=\"e8e929e\" data-element_type=\"widget\" data-widget_type=\"image.default\">\n\t\t\t\t\t\t\t\t\t\t\t\t\t\t\t<img fetchpriority=\"high\" decoding=\"async\" width=\"1024\" height=\"683\" src=\"https:\/\/laiva.com.mx\/wp-content\/uploads\/2026\/04\/interior-view-operating-room-1024x683.jpg\" class=\"attachment-large size-large wp-image-4253\" alt=\"\" srcset=\"https:\/\/laiva.com.mx\/wp-content\/uploads\/2026\/04\/interior-view-operating-room-1024x683.jpg 1024w, https:\/\/laiva.com.mx\/wp-content\/uploads\/2026\/04\/interior-view-operating-room-300x200.jpg 300w, https:\/\/laiva.com.mx\/wp-content\/uploads\/2026\/04\/interior-view-operating-room-768x512.jpg 768w, https:\/\/laiva.com.mx\/wp-content\/uploads\/2026\/04\/interior-view-operating-room-1536x1024.jpg 1536w, https:\/\/laiva.com.mx\/wp-content\/uploads\/2026\/04\/interior-view-operating-room-18x12.jpg 18w, https:\/\/laiva.com.mx\/wp-content\/uploads\/2026\/04\/interior-view-operating-room-370x247.jpg 370w, https:\/\/laiva.com.mx\/wp-content\/uploads\/2026\/04\/interior-view-operating-room-924x616.jpg 924w, https:\/\/laiva.com.mx\/wp-content\/uploads\/2026\/04\/interior-view-operating-room-410x273.jpg 410w, https:\/\/laiva.com.mx\/wp-content\/uploads\/2026\/04\/interior-view-operating-room.jpg 1728w\" sizes=\"(max-width: 1024px) 100vw, 1024px\" \/>\t\t\t\t\t\t\t\t\t\t\t\t\t\t\t<\/div>\n\t\t\t\t<\/div>\n\t\t<div class=\"elementor-element elementor-element-2c137a2 e-grid e-con-full sc_layouts_column_icons_position_left e-con e-child\" data-id=\"2c137a2\" data-element_type=\"container\">\n\t\t\t\t<div class=\"elementor-element elementor-element-f61600b sc_fly_static elementor-widget elementor-widget-image\" data-id=\"f61600b\" data-element_type=\"widget\" data-widget_type=\"image.default\">\n\t\t\t\t\t\t\t\t\t\t\t\t\t\t\t<img decoding=\"async\" width=\"768\" height=\"512\" src=\"https:\/\/laiva.com.mx\/wp-content\/uploads\/2026\/04\/team-young-specialist-doctors-standing-corridor-hospital.jpg\" class=\"attachment-large size-large wp-image-4252\" alt=\"\" srcset=\"https:\/\/laiva.com.mx\/wp-content\/uploads\/2026\/04\/team-young-specialist-doctors-standing-corridor-hospital.jpg 768w, https:\/\/laiva.com.mx\/wp-content\/uploads\/2026\/04\/team-young-specialist-doctors-standing-corridor-hospital-300x200.jpg 300w, https:\/\/laiva.com.mx\/wp-content\/uploads\/2026\/04\/team-young-specialist-doctors-standing-corridor-hospital-18x12.jpg 18w, https:\/\/laiva.com.mx\/wp-content\/uploads\/2026\/04\/team-young-specialist-doctors-standing-corridor-hospital-370x247.jpg 370w, https:\/\/laiva.com.mx\/wp-content\/uploads\/2026\/04\/team-young-specialist-doctors-standing-corridor-hospital-410x273.jpg 410w\" sizes=\"(max-width: 768px) 100vw, 768px\" \/>\t\t\t\t\t\t\t\t\t\t\t\t\t\t\t<\/div>\n\t\t\t\t<div data-animation-type=\"block\" class=\"elementor-element elementor-element-75026af animation_type_block sc_fly_static elementor-invisible elementor-widget elementor-widget-text-editor\" data-id=\"75026af\" data-element_type=\"widget\" data-settings=\"{&quot;_animation&quot;:&quot;ta_fadeinup&quot;}\" data-widget_type=\"text-editor.default\">\n\t\t\t\t\t\t\t\t\t<h5>\u00a0<\/h5><h5>Hospitalito La Paz nace para cambiar eso.<\/h5><p>Creamos un modelo donde la salud es digna, accesible y cercana, donde los pacientes reciben atenci\u00f3n confiable<br \/>y los m\u00e9dicos encuentran un espacio real para ejercer.<\/p><p>Porque creemos que la salud no deber\u00eda ser un privilegio,<br \/>sino un sistema que funcione para todos.<\/p><p><em>M\u00e1s acceso. M\u00e1s confianza. Mejor salud.<\/em><\/p>\t\t\t\t\t\t\t\t<\/div>\n\t\t\t\t<\/div>\n\t\t\t\t\t<\/div>\n\t\t\t\t<\/div>\n\t\t<div class=\"elementor-element elementor-element-2854a68d e-con-full e-flex sc_layouts_column_icons_position_left e-con e-parent\" data-id=\"2854a68d\" data-element_type=\"container\">\n\t\t<div class=\"e-con-gap-no trx_addons_has_bg_text elementor-element elementor-element-7c7a0588 e-con-full e-flex sc_layouts_column_icons_position_left e-con e-child\" data-bg-text=\"{&quot;bg_text&quot;:&quot;Hospitalito La Paz&quot;,&quot;bg_text_effect&quot;:&quot;none&quot;,&quot;bg_text_overlay&quot;:{&quot;url&quot;:&quot;&quot;},&quot;bg_text_left&quot;:{&quot;size&quot;:&quot;&quot;,&quot;unit&quot;:&quot;%&quot;},&quot;bg_text_top&quot;:{&quot;size&quot;:&quot;&quot;,&quot;unit&quot;:&quot;%&quot;},&quot;bg_text_z_index&quot;:{&quot;size&quot;:&quot;0&quot;,&quot;unit&quot;:&quot;px&quot;},&quot;bg_text_marquee&quot;:{&quot;unit&quot;:&quot;px&quot;,&quot;size&quot;:7,&quot;sizes&quot;:[]},&quot;bg_text_marquee_hover&quot;:&quot;&quot;,&quot;bg_text_marquee_margin&quot;:{&quot;unit&quot;:&quot;%&quot;,&quot;size&quot;:6,&quot;sizes&quot;:[]},&quot;bg_text_reverse&quot;:0,&quot;bg_text_accelerate&quot;:0,&quot;bg_text_delimiter_icon&quot;:&quot;&quot;,&quot;bg_text_delimiter_image&quot;:&quot;&quot;,&quot;bg_text_delimiter_svg&quot;:&quot;&quot;,&quot;bg_text_delimiter_rotation&quot;:0}\" data-id=\"7c7a0588\" data-element_type=\"container\">\n\t\t\t\t<\/div>\n\t\t\t\t<\/div>\n\t\t<div class=\"elementor-element elementor-element-7a3487a5 e-flex e-con-boxed sc_layouts_column_icons_position_left e-con e-parent\" data-id=\"7a3487a5\" data-element_type=\"container\">\n\t\t\t\t\t<div class=\"e-con-inner\">\n\t\t<div data-animation-type=\"block\" class=\"elementor-element elementor-element-6383059a e-con-full e-flex sc_layouts_column_icons_position_left animation_type_block elementor-invisible e-con e-child\" data-id=\"6383059a\" data-element_type=\"container\" data-settings=\"{&quot;background_background&quot;:&quot;classic&quot;,&quot;animation&quot;:&quot;ta_fadeinup&quot;}\">\n\t\t\t\t<div class=\"elementor-element elementor-element-a974117 sc_fly_static elementor-widget elementor-widget-image\" data-id=\"a974117\" data-element_type=\"widget\" data-widget_type=\"image.default\">\n\t\t\t\t\t\t\t\t\t\t\t\t\t\t\t<img decoding=\"async\" width=\"1024\" height=\"683\" src=\"https:\/\/laiva.com.mx\/wp-content\/uploads\/2026\/04\/hopitallapaz-1024x683.jpeg\" class=\"attachment-large size-large wp-image-4240\" alt=\"\" srcset=\"https:\/\/laiva.com.mx\/wp-content\/uploads\/2026\/04\/hopitallapaz-1024x683.jpeg 1024w, https:\/\/laiva.com.mx\/wp-content\/uploads\/2026\/04\/hopitallapaz-300x200.jpeg 300w, https:\/\/laiva.com.mx\/wp-content\/uploads\/2026\/04\/hopitallapaz-768x512.jpeg 768w, https:\/\/laiva.com.mx\/wp-content\/uploads\/2026\/04\/hopitallapaz-18x12.jpeg 18w, https:\/\/laiva.com.mx\/wp-content\/uploads\/2026\/04\/hopitallapaz-370x247.jpeg 370w, https:\/\/laiva.com.mx\/wp-content\/uploads\/2026\/04\/hopitallapaz-924x616.jpeg 924w, https:\/\/laiva.com.mx\/wp-content\/uploads\/2026\/04\/hopitallapaz-410x273.jpeg 410w, https:\/\/laiva.com.mx\/wp-content\/uploads\/2026\/04\/hopitallapaz.jpeg 1536w\" sizes=\"(max-width: 1024px) 100vw, 1024px\" \/>\t\t\t\t\t\t\t\t\t\t\t\t\t\t\t<\/div>\n\t\t\t\t<\/div>\n\t\t<div data-animation-type=\"block\" class=\"elementor-element elementor-element-467322ad e-con-full e-flex sc_layouts_column_icons_position_left animation_type_block elementor-invisible e-con e-child\" data-id=\"467322ad\" data-element_type=\"container\" data-settings=\"{&quot;background_background&quot;:&quot;classic&quot;,&quot;animation&quot;:&quot;ta_fadeinup&quot;}\">\n\t\t\t\t<div class=\"elementor-element elementor-element-73a7f96 elementor-widget__width-initial sc_fly_static elementor-widget elementor-widget-heading\" data-id=\"73a7f96\" data-element_type=\"widget\" data-widget_type=\"heading.default\">\n\t\t\t\t\t<h2 class=\"elementor-heading-title elementor-size-default\">Somos un hospital pensado tanto para pacientes como para m\u00e9dicos.<\/h2>\t\t\t\t<\/div>\n\t\t\t\t<\/div>\n\t\t\t\t\t<\/div>\n\t\t\t\t<\/div>\n\t\t<div class=\"elementor-element elementor-element-9f1496e e-flex e-con-boxed sc_layouts_column_icons_position_left e-con e-parent\" data-id=\"9f1496e\" data-element_type=\"container\">\n\t\t\t\t\t<div class=\"e-con-inner\">\n\t\t<div class=\"elementor-element elementor-element-7f2c419 e-con-full e-flex sc_layouts_column_icons_position_left e-con e-child\" data-id=\"7f2c419\" data-element_type=\"container\">\n\t\t\t\t<div class=\"elementor-element elementor-element-2497121 sc_fly_static elementor-widget elementor-widget-image\" data-id=\"2497121\" data-element_type=\"widget\" data-widget_type=\"image.default\">\n\t\t\t\t\t\t\t\t\t\t\t\t\t\t\t<img loading=\"lazy\" decoding=\"async\" width=\"687\" height=\"983\" src=\"https:\/\/laiva.com.mx\/wp-content\/uploads\/2026\/04\/patient-smiling-doctor-clinic.jpg\" class=\"attachment-large size-large wp-image-4250\" alt=\"\" srcset=\"https:\/\/laiva.com.mx\/wp-content\/uploads\/2026\/04\/patient-smiling-doctor-clinic.jpg 687w, https:\/\/laiva.com.mx\/wp-content\/uploads\/2026\/04\/patient-smiling-doctor-clinic-210x300.jpg 210w, https:\/\/laiva.com.mx\/wp-content\/uploads\/2026\/04\/patient-smiling-doctor-clinic-8x12.jpg 8w, https:\/\/laiva.com.mx\/wp-content\/uploads\/2026\/04\/patient-smiling-doctor-clinic-370x529.jpg 370w, https:\/\/laiva.com.mx\/wp-content\/uploads\/2026\/04\/patient-smiling-doctor-clinic-410x587.jpg 410w\" sizes=\"(max-width: 767px) 100vw, 687px\" \/>\t\t\t\t\t\t\t\t\t\t\t\t\t\t\t<\/div>\n\t\t\t\t<div class=\"elementor-element elementor-element-efc904b sc_fly_static elementor-widget elementor-widget-text-editor\" data-id=\"efc904b\" data-element_type=\"widget\" data-widget_type=\"text-editor.default\">\n\t\t\t\t\t\t\t\t\t<p><strong>Para pacientes:<\/strong><\/p><ul><li>Accesible<\/li><li>Cercano<\/li><li>Confiable<\/li><li>De calidad<\/li><\/ul>\t\t\t\t\t\t\t\t<\/div>\n\t\t\t\t<\/div>\n\t\t<div class=\"elementor-element elementor-element-4bb6b52 e-con-full e-flex sc_layouts_column_icons_position_left e-con e-child\" data-id=\"4bb6b52\" data-element_type=\"container\">\n\t\t\t\t<div class=\"elementor-element elementor-element-f5f7ba3 sc_fly_static elementor-widget elementor-widget-image\" data-id=\"f5f7ba3\" data-element_type=\"widget\" data-widget_type=\"image.default\">\n\t\t\t\t\t\t\t\t\t\t\t\t\t\t\t<img loading=\"lazy\" decoding=\"async\" width=\"771\" height=\"1024\" src=\"https:\/\/laiva.com.mx\/wp-content\/uploads\/2026\/04\/portrait-woman-working-healthcare-system-as-pediatrician-771x1024.jpg\" class=\"attachment-large size-large wp-image-4251\" alt=\"\" srcset=\"https:\/\/laiva.com.mx\/wp-content\/uploads\/2026\/04\/portrait-woman-working-healthcare-system-as-pediatrician-771x1024.jpg 771w, https:\/\/laiva.com.mx\/wp-content\/uploads\/2026\/04\/portrait-woman-working-healthcare-system-as-pediatrician-226x300.jpg 226w, https:\/\/laiva.com.mx\/wp-content\/uploads\/2026\/04\/portrait-woman-working-healthcare-system-as-pediatrician-768x1020.jpg 768w, https:\/\/laiva.com.mx\/wp-content\/uploads\/2026\/04\/portrait-woman-working-healthcare-system-as-pediatrician-1157x1536.jpg 1157w, https:\/\/laiva.com.mx\/wp-content\/uploads\/2026\/04\/portrait-woman-working-healthcare-system-as-pediatrician-1543x2048.jpg 1543w, https:\/\/laiva.com.mx\/wp-content\/uploads\/2026\/04\/portrait-woman-working-healthcare-system-as-pediatrician-9x12.jpg 9w, https:\/\/laiva.com.mx\/wp-content\/uploads\/2026\/04\/portrait-woman-working-healthcare-system-as-pediatrician-370x491.jpg 370w, https:\/\/laiva.com.mx\/wp-content\/uploads\/2026\/04\/portrait-woman-working-healthcare-system-as-pediatrician-924x1227.jpg 924w, https:\/\/laiva.com.mx\/wp-content\/uploads\/2026\/04\/portrait-woman-working-healthcare-system-as-pediatrician-410x544.jpg 410w, https:\/\/laiva.com.mx\/wp-content\/uploads\/2026\/04\/portrait-woman-working-healthcare-system-as-pediatrician.jpg 1712w\" sizes=\"(max-width: 771px) 100vw, 771px\" \/>\t\t\t\t\t\t\t\t\t\t\t\t\t\t\t<\/div>\n\t\t\t\t<div class=\"elementor-element elementor-element-0d2a4f2 sc_fly_static elementor-widget elementor-widget-text-editor\" data-id=\"0d2a4f2\" data-element_type=\"widget\" data-widget_type=\"text-editor.default\">\n\t\t\t\t\t\t\t\t\t<p><strong>Para doctores:<\/strong><\/p><ul><li>Espacios accesibles para ejercer<\/li><li>Menor barrera de entrada<\/li><li>Infraestructura lista<\/li><li>Comunidad m\u00e9dica activa<\/li><\/ul>\t\t\t\t\t\t\t\t<\/div>\n\t\t\t\t<\/div>\n\t\t\t\t\t<\/div>\n\t\t\t\t<\/div>\n\t\t<div class=\"elementor-element elementor-element-b36e76d e-flex e-con-boxed sc_layouts_column_icons_position_left e-con e-parent\" data-id=\"b36e76d\" data-element_type=\"container\">\n\t\t\t\t\t<div class=\"e-con-inner\">\n\t\t\t\t<div class=\"elementor-element elementor-element-aefb6c8 sc_fly_static elementor-widget elementor-widget-spacer\" data-id=\"aefb6c8\" data-element_type=\"widget\" data-widget_type=\"spacer.default\">\n\t\t\t\t\t\t\t<div class=\"elementor-spacer\">\n\t\t\t<div class=\"elementor-spacer-inner\"><\/div>\n\t\t<\/div>\n\t\t\t\t\t\t<\/div>\n\t\t\t\t\t<\/div>\n\t\t\t\t<\/div>\n\t\t\t\t<\/div>","protected":false},"excerpt":{"rendered":"<p>Hospitalito La Paz Cerca de ti. Para todos. La salud digna empieza cuando tambi\u00e9n es&hellip;<\/p>","protected":false},"author":1,"featured_media":0,"parent":0,"menu_order":0,"comment_status":"closed","ping_status":"closed","template":"","meta":{"footnotes":""},"class_list":["post-4233","page","type-page","status-publish","hentry"],"_links":{"self":[{"href":"https:\/\/laiva.com.mx\/en\/wp-json\/wp\/v2\/pages\/4233","targetHints":{"allow":["GET"]}}],"collection":[{"href":"https:\/\/laiva.com.mx\/en\/wp-json\/wp\/v2\/pages"}],"about":[{"href":"https:\/\/laiva.com.mx\/en\/wp-json\/wp\/v2\/types\/page"}],"author":[{"embeddable":true,"href":"https:\/\/laiva.com.mx\/en\/wp-json\/wp\/v2\/users\/1"}],"replies":[{"embeddable":true,"href":"https:\/\/laiva.com.mx\/en\/wp-json\/wp\/v2\/comments?post=4233"}],"version-history":[{"count":16,"href":"https:\/\/laiva.com.mx\/en\/wp-json\/wp\/v2\/pages\/4233\/revisions"}],"predecessor-version":[{"id":4262,"href":"https:\/\/laiva.com.mx\/en\/wp-json\/wp\/v2\/pages\/4233\/revisions\/4262"}],"wp:attachment":[{"href":"https:\/\/laiva.com.mx\/en\/wp-json\/wp\/v2\/media?parent=4233"}],"curies":[{"name":"wp","href":"https:\/\/api.w.org\/{rel}","templated":true}]}}