{"id":215,"date":"2024-10-15T06:15:14","date_gmt":"2024-10-15T06:15:14","guid":{"rendered":"https:\/\/entornopsyd.thoi.art\/?page_id=215"},"modified":"2026-03-14T03:14:26","modified_gmt":"2026-03-14T03:14:26","slug":"customers","status":"publish","type":"page","link":"https:\/\/laiva.com.mx\/en\/customers\/","title":{"rendered":"PARTNERS"},"content":{"rendered":"<div data-elementor-type=\"wp-page\" data-elementor-id=\"215\" class=\"elementor elementor-215\" data-elementor-post-type=\"page\">\n\t\t\t\t<div class=\"elementor-element elementor-element-c60c83f e-con-full e-flex sc_layouts_column_icons_position_left e-con e-parent\" data-id=\"c60c83f\" data-element_type=\"container\">\n\t\t<div class=\"elementor-element elementor-element-95cfc0f e-con-full e-flex sc_layouts_column_icons_position_left e-con e-child\" data-id=\"95cfc0f\" data-element_type=\"container\">\n\t\t\t\t<div data-animation-type=\"block\" class=\"elementor-element elementor-element-e21045a elementor-widget-mobile__width-initial animation_type_block sc_fly_static elementor-invisible elementor-widget elementor-widget-image\" data-id=\"e21045a\" data-element_type=\"widget\" data-settings=\"{&quot;_animation&quot;:&quot;ta_fadeinup&quot;}\" data-widget_type=\"image.default\">\n\t\t\t\t\t\t\t\t\t\t\t\t\t\t\t<img fetchpriority=\"high\" decoding=\"async\" width=\"471\" height=\"162\" src=\"https:\/\/laiva.com.mx\/wp-content\/uploads\/2024\/10\/decor-line-pulse-up.png\" class=\"attachment-full size-full wp-image-231\" alt=\"\" srcset=\"https:\/\/laiva.com.mx\/wp-content\/uploads\/2024\/10\/decor-line-pulse-up.png 471w, https:\/\/laiva.com.mx\/wp-content\/uploads\/2024\/10\/decor-line-pulse-up-300x103.png 300w, https:\/\/laiva.com.mx\/wp-content\/uploads\/2024\/10\/decor-line-pulse-up-370x127.png 370w, https:\/\/laiva.com.mx\/wp-content\/uploads\/2024\/10\/decor-line-pulse-up-410x141.png 410w\" sizes=\"(max-width: 767px) 100vw, 471px\" \/>\t\t\t\t\t\t\t\t\t\t\t\t\t\t\t<\/div>\n\t\t\t\t<div data-animation-type=\"block\" class=\"elementor-element elementor-element-d699d9a animation_type_block sc_fly_static elementor-invisible elementor-widget elementor-widget-trx_elm_advanced_title\" data-id=\"d699d9a\" data-element_type=\"widget\" data-settings=\"{&quot;_animation&quot;:&quot;ta_fadeinup&quot;,&quot;_animation_delay&quot;:50}\" data-widget_type=\"trx_elm_advanced_title.default\">\n\t\t\t\t<div class=\"elementor-widget-container\">\n\t\t\t\t\t<h1 class=\"trx-addons-advanced-title\" >\n<span class=\"trx-addons-advanced-title-item trx-addons-advanced-title-item-text elementor-repeater-item-8402d7e\">Strategic alliances that<\/span>\n<span class=\"trx-addons-advanced-title-item trx-addons-advanced-title-item-text elementor-repeater-item-426ab4e\">strengthen territory.<\/span><\/h1>\t\t\t\t<\/div>\n\t\t\t\t<\/div>\n\t\t\t\t<div data-animation-type=\"block\" class=\"elementor-element elementor-element-da8a99f elementor-widget-mobile__width-initial animation_type_block sc_fly_static elementor-invisible elementor-widget elementor-widget-image\" data-id=\"da8a99f\" data-element_type=\"widget\" data-settings=\"{&quot;_animation&quot;:&quot;ta_fadeinup&quot;,&quot;_animation_delay&quot;:150}\" data-widget_type=\"image.default\">\n\t\t\t\t\t\t\t\t\t\t\t\t\t\t\t<img decoding=\"async\" width=\"471\" height=\"162\" src=\"https:\/\/laiva.com.mx\/wp-content\/uploads\/2024\/10\/decor-line-pulse-down.png\" class=\"attachment-full size-full wp-image-230\" alt=\"\" srcset=\"https:\/\/laiva.com.mx\/wp-content\/uploads\/2024\/10\/decor-line-pulse-down.png 471w, https:\/\/laiva.com.mx\/wp-content\/uploads\/2024\/10\/decor-line-pulse-down-300x103.png 300w, https:\/\/laiva.com.mx\/wp-content\/uploads\/2024\/10\/decor-line-pulse-down-370x127.png 370w, https:\/\/laiva.com.mx\/wp-content\/uploads\/2024\/10\/decor-line-pulse-down-410x141.png 410w\" sizes=\"(max-width: 767px) 100vw, 471px\" \/>\t\t\t\t\t\t\t\t\t\t\t\t\t\t\t<\/div>\n\t\t\t\t<\/div>\n\t\t<div class=\"elementor-element elementor-element-c92170b e-flex e-con-boxed sc_layouts_column_icons_position_left e-con e-child\" data-id=\"c92170b\" data-element_type=\"container\">\n\t\t\t\t\t<div class=\"e-con-inner\">\n\t\t<div class=\"elementor-element elementor-element-b866302 e-con-full e-flex sc_layouts_column_icons_position_left e-con e-child\" data-id=\"b866302\" data-element_type=\"container\">\n\t\t\t\t<div data-animation-type=\"block\" class=\"elementor-element elementor-element-122519a animation_type_block sc_fly_static elementor-invisible elementor-widget elementor-widget-image\" data-id=\"122519a\" data-element_type=\"widget\" data-settings=\"{&quot;_animation&quot;:&quot;ta_fadeinup&quot;,&quot;_animation_delay&quot;:200}\" data-widget_type=\"image.default\">\n\t\t\t\t\t\t\t\t\t\t\t\t\t\t\t<img decoding=\"async\" width=\"1290\" height=\"1290\" src=\"https:\/\/laiva.com.mx\/wp-content\/uploads\/2026\/03\/gastronomia.jpg\" class=\"attachment-full size-full wp-image-3692\" alt=\"\" srcset=\"https:\/\/laiva.com.mx\/wp-content\/uploads\/2026\/03\/gastronomia.jpg 1290w, https:\/\/laiva.com.mx\/wp-content\/uploads\/2026\/03\/gastronomia-300x300.jpg 300w, https:\/\/laiva.com.mx\/wp-content\/uploads\/2026\/03\/gastronomia-1024x1024.jpg 1024w, https:\/\/laiva.com.mx\/wp-content\/uploads\/2026\/03\/gastronomia-150x150.jpg 150w, https:\/\/laiva.com.mx\/wp-content\/uploads\/2026\/03\/gastronomia-768x768.jpg 768w, https:\/\/laiva.com.mx\/wp-content\/uploads\/2026\/03\/gastronomia-370x370.jpg 370w, https:\/\/laiva.com.mx\/wp-content\/uploads\/2026\/03\/gastronomia-90x90.jpg 90w, https:\/\/laiva.com.mx\/wp-content\/uploads\/2026\/03\/gastronomia-924x924.jpg 924w, https:\/\/laiva.com.mx\/wp-content\/uploads\/2026\/03\/gastronomia-410x410.jpg 410w\" sizes=\"(max-width: 1290px) 100vw, 1290px\" \/>\t\t\t\t\t\t\t\t\t\t\t\t\t\t\t<\/div>\n\t\t\t\t<\/div>\n\t\t<div class=\"elementor-element elementor-element-66545e7 e-con-full e-flex sc_layouts_column_icons_position_left e-con e-child\" data-id=\"66545e7\" data-element_type=\"container\">\n\t\t\t\t<div data-animation-type=\"block\" class=\"elementor-element elementor-element-82e466f animation_type_block sc_fly_static elementor-invisible elementor-widget elementor-widget-image\" data-id=\"82e466f\" data-element_type=\"widget\" data-settings=\"{&quot;_animation&quot;:&quot;ta_fadeinup&quot;,&quot;_animation_delay&quot;:250}\" data-widget_type=\"image.default\">\n\t\t\t\t\t\t\t\t\t\t\t\t\t\t\t<img loading=\"lazy\" decoding=\"async\" width=\"1800\" height=\"1800\" src=\"https:\/\/laiva.com.mx\/wp-content\/uploads\/2026\/03\/marinaIII.jpg\" class=\"attachment-full size-full wp-image-3444\" alt=\"\" srcset=\"https:\/\/laiva.com.mx\/wp-content\/uploads\/2026\/03\/marinaIII.jpg 1800w, https:\/\/laiva.com.mx\/wp-content\/uploads\/2026\/03\/marinaIII-300x300.jpg 300w, https:\/\/laiva.com.mx\/wp-content\/uploads\/2026\/03\/marinaIII-1024x1024.jpg 1024w, https:\/\/laiva.com.mx\/wp-content\/uploads\/2026\/03\/marinaIII-150x150.jpg 150w, https:\/\/laiva.com.mx\/wp-content\/uploads\/2026\/03\/marinaIII-768x768.jpg 768w, https:\/\/laiva.com.mx\/wp-content\/uploads\/2026\/03\/marinaIII-1536x1536.jpg 1536w, https:\/\/laiva.com.mx\/wp-content\/uploads\/2026\/03\/marinaIII-12x12.jpg 12w, https:\/\/laiva.com.mx\/wp-content\/uploads\/2026\/03\/marinaIII-370x370.jpg 370w, https:\/\/laiva.com.mx\/wp-content\/uploads\/2026\/03\/marinaIII-90x90.jpg 90w, https:\/\/laiva.com.mx\/wp-content\/uploads\/2026\/03\/marinaIII-924x924.jpg 924w, https:\/\/laiva.com.mx\/wp-content\/uploads\/2026\/03\/marinaIII-410x410.jpg 410w\" sizes=\"(max-width: 1800px) 100vw, 1800px\" \/>\t\t\t\t\t\t\t\t\t\t\t\t\t\t\t<\/div>\n\t\t\t\t<\/div>\n\t\t<div class=\"elementor-element elementor-element-da33f22 e-con-full e-flex sc_layouts_column_icons_position_left e-con e-child\" data-id=\"da33f22\" data-element_type=\"container\">\n\t\t\t\t<div data-animation-type=\"block\" class=\"elementor-element elementor-element-d807583 animation_type_block sc_fly_static elementor-invisible elementor-widget elementor-widget-image\" data-id=\"d807583\" data-element_type=\"widget\" data-settings=\"{&quot;_animation&quot;:&quot;ta_fadeinup&quot;,&quot;_animation_delay&quot;:300}\" data-widget_type=\"image.default\">\n\t\t\t\t\t\t\t\t\t\t\t\t\t\t\t<img loading=\"lazy\" decoding=\"async\" width=\"1486\" height=\"991\" src=\"https:\/\/laiva.com.mx\/wp-content\/uploads\/2026\/01\/Laiva-La-Paz-Amenities.jpg\" class=\"attachment-full size-full wp-image-3136\" alt=\"\" srcset=\"https:\/\/laiva.com.mx\/wp-content\/uploads\/2026\/01\/Laiva-La-Paz-Amenities.jpg 1486w, https:\/\/laiva.com.mx\/wp-content\/uploads\/2026\/01\/Laiva-La-Paz-Amenities-300x200.jpg 300w, https:\/\/laiva.com.mx\/wp-content\/uploads\/2026\/01\/Laiva-La-Paz-Amenities-1024x683.jpg 1024w, https:\/\/laiva.com.mx\/wp-content\/uploads\/2026\/01\/Laiva-La-Paz-Amenities-768x512.jpg 768w, https:\/\/laiva.com.mx\/wp-content\/uploads\/2026\/01\/Laiva-La-Paz-Amenities-370x247.jpg 370w, https:\/\/laiva.com.mx\/wp-content\/uploads\/2026\/01\/Laiva-La-Paz-Amenities-924x616.jpg 924w, https:\/\/laiva.com.mx\/wp-content\/uploads\/2026\/01\/Laiva-La-Paz-Amenities-410x273.jpg 410w\" sizes=\"(max-width: 1486px) 100vw, 1486px\" \/>\t\t\t\t\t\t\t\t\t\t\t\t\t\t\t<\/div>\n\t\t\t\t<\/div>\n\t\t\t\t\t<\/div>\n\t\t\t\t<\/div>\n\t\t\t\t<\/div>\n\t\t<div class=\"elementor-element elementor-element-54a1f42c e-flex e-con-boxed sc_layouts_column_icons_position_left e-con e-parent\" data-id=\"54a1f42c\" data-element_type=\"container\" data-settings=\"{&quot;background_background&quot;:&quot;classic&quot;}\">\n\t\t\t\t\t<div class=\"e-con-inner\">\n\t\t\t\t<div data-animation-type=\"line\" data-animation-stagger=\"80\" class=\"elementor-element elementor-element-75770af5 elementor-widget__width-initial animation_type_line sc_fly_static elementor-invisible elementor-widget elementor-widget-heading\" data-id=\"75770af5\" data-element_type=\"widget\" data-settings=\"{&quot;_animation&quot;:&quot;ta_fadeinup&quot;,&quot;_animation_delay&quot;:100}\" data-widget_type=\"heading.default\">\n\t\t\t\t\t<h1 class=\"elementor-heading-title elementor-size-default\">Strategic partners<\/h1>\t\t\t\t<\/div>\n\t\t\t\t<div class=\"elementor-element elementor-element-22560d9 sc_fly_static elementor-widget elementor-widget-text-editor\" data-id=\"22560d9\" data-element_type=\"widget\" data-widget_type=\"text-editor.default\">\n\t\t\t\t\t\t\t\t\t<p class=\"p1\">The growth of <b>LAIVA <\/b>It is supported by a carefully selected network of strategic partners who share our long-term vision in development, innovation and value creation.<\/p><p class=\"p1\">Through our projects, we collaborate with specialists in architecture, engineering, investment, construction, hospitality, logistics, and operations. These partnerships allow us to integrate diverse areas of expertise to develop projects that meet the highest standards of quality, functionality, and design.<\/p><p class=\"p1\">Our partners bring deep knowledge of their respective industries and play a vital role in transforming ideas into well-executed spaces, from residential communities and hospitality concepts to commercial and industrial developments.<\/p><p class=\"p1\">Thanks to these collaborations, LAIVA continues to consolidate a multidisciplinary platform capable of developing spaces, experiences and infrastructure with long-term impact.<\/p>\t\t\t\t\t\t\t\t<\/div>\n\t\t\t\t<div class=\"elementor-element elementor-element-49c5ca9 elementor-arrows-position-inside elementor-pagination-position-outside sc_fly_static elementor-widget elementor-widget-image-carousel\" data-id=\"49c5ca9\" data-element_type=\"widget\" data-settings=\"{&quot;navigation&quot;:&quot;both&quot;,&quot;autoplay&quot;:&quot;yes&quot;,&quot;pause_on_hover&quot;:&quot;yes&quot;,&quot;pause_on_interaction&quot;:&quot;yes&quot;,&quot;autoplay_speed&quot;:5000,&quot;infinite&quot;:&quot;yes&quot;,&quot;speed&quot;:500}\" data-widget_type=\"image-carousel.default\">\n\t\t\t\t\t\t\t<div class=\"elementor-image-carousel-wrapper swiper\" role=\"region\" aria-roledescription=\"carousel\" aria-label=\"Carrusel de Im\u00e1genes\" dir=\"ltr\">\n\t\t\t<div class=\"elementor-image-carousel swiper-wrapper\" aria-live=\"off\">\n\t\t\t\t\t\t\t\t<div class=\"swiper-slide\" role=\"group\" aria-roledescription=\"slide\" aria-label=\"1 de 4\"><figure class=\"swiper-slide-inner\"><img decoding=\"async\" class=\"swiper-slide-image\" src=\"https:\/\/laiva.com.mx\/wp-content\/uploads\/2026\/03\/porto.png\" alt=\"\" \/><\/figure><\/div><div class=\"swiper-slide\" role=\"group\" aria-roledescription=\"slide\" aria-label=\"2 de 4\"><figure class=\"swiper-slide-inner\"><img decoding=\"async\" class=\"swiper-slide-image\" src=\"https:\/\/laiva.com.mx\/wp-content\/uploads\/2026\/03\/tasman-150x150.png\" alt=\"tasman\" \/><\/figure><\/div><div class=\"swiper-slide\" role=\"group\" aria-roledescription=\"slide\" aria-label=\"3 de 4\"><figure class=\"swiper-slide-inner\"><img decoding=\"async\" class=\"swiper-slide-image\" src=\"https:\/\/laiva.com.mx\/wp-content\/uploads\/2026\/03\/renesalgado-150x150.png\" alt=\"renesalgado\" \/><\/figure><\/div><div class=\"swiper-slide\" role=\"group\" aria-roledescription=\"slide\" aria-label=\"4 de 4\"><figure class=\"swiper-slide-inner\"><img decoding=\"async\" class=\"swiper-slide-image\" src=\"https:\/\/laiva.com.mx\/wp-content\/uploads\/2026\/03\/meztizal-150x150.png\" alt=\"meztizal\" \/><\/figure><\/div>\t\t\t<\/div>\n\t\t\t\t\t\t\t\t\t\t\t\t<div class=\"elementor-swiper-button elementor-swiper-button-prev\" role=\"button\" tabindex=\"0\">\n\t\t\t\t\t\t<svg aria-hidden=\"true\" class=\"e-font-icon-svg e-eicon-chevron-left\" viewbox=\"0 0 1000 1000\" xmlns=\"http:\/\/www.w3.org\/2000\/svg\"><path d=\"M646 125C629 125 613 133 604 142L308 442C296 454 292 471 292 487 292 504 296 521 308 533L604 854C617 867 629 875 646 875 663 875 679 871 692 858 704 846 713 829 713 812 713 796 708 779 692 767L438 487 692 225C700 217 708 204 708 187 708 171 704 154 692 142 675 129 663 125 646 125Z\"><\/path><\/svg>\t\t\t\t\t<\/div>\n\t\t\t\t\t<div class=\"elementor-swiper-button elementor-swiper-button-next\" role=\"button\" tabindex=\"0\">\n\t\t\t\t\t\t<svg aria-hidden=\"true\" class=\"e-font-icon-svg e-eicon-chevron-right\" viewbox=\"0 0 1000 1000\" xmlns=\"http:\/\/www.w3.org\/2000\/svg\"><path d=\"M696 533C708 521 713 504 713 487 713 471 708 454 696 446L400 146C388 133 375 125 354 125 338 125 325 129 313 142 300 154 292 171 292 187 292 204 296 221 308 233L563 492 304 771C292 783 288 800 288 817 288 833 296 850 308 863 321 871 338 875 354 875 371 875 388 867 400 854L696 533Z\"><\/path><\/svg>\t\t\t\t\t<\/div>\n\t\t\t\t\n\t\t\t\t\t\t\t\t\t<div class=\"swiper-pagination\"><\/div>\n\t\t\t\t\t\t\t\t\t<\/div>\n\t\t\t\t\t\t<\/div>\n\t\t\t\t<div class=\"elementor-element elementor-element-0833291 sc_fly_static elementor-widget elementor-widget-spacer\" data-id=\"0833291\" data-element_type=\"widget\" data-widget_type=\"spacer.default\">\n\t\t\t\t\t\t\t<div class=\"elementor-spacer\">\n\t\t\t<div class=\"elementor-spacer-inner\"><\/div>\n\t\t<\/div>\n\t\t\t\t\t\t<\/div>\n\t\t\t\t\t<\/div>\n\t\t\t\t<\/div>\n\t\t\t\t<\/div>","protected":false},"excerpt":{"rendered":"<p>Alianzas estrat\u00e9gicas que fortalecen el territorio. Socios estrat\u00e9gicos El crecimiento de LAIVA est\u00e1 respaldado por&hellip;<\/p>","protected":false},"author":1,"featured_media":0,"parent":0,"menu_order":0,"comment_status":"closed","ping_status":"closed","template":"","meta":{"footnotes":""},"class_list":["post-215","page","type-page","status-publish","hentry"],"_links":{"self":[{"href":"https:\/\/laiva.com.mx\/en\/wp-json\/wp\/v2\/pages\/215","targetHints":{"allow":["GET"]}}],"collection":[{"href":"https:\/\/laiva.com.mx\/en\/wp-json\/wp\/v2\/pages"}],"about":[{"href":"https:\/\/laiva.com.mx\/en\/wp-json\/wp\/v2\/types\/page"}],"author":[{"embeddable":true,"href":"https:\/\/laiva.com.mx\/en\/wp-json\/wp\/v2\/users\/1"}],"replies":[{"embeddable":true,"href":"https:\/\/laiva.com.mx\/en\/wp-json\/wp\/v2\/comments?post=215"}],"version-history":[{"count":22,"href":"https:\/\/laiva.com.mx\/en\/wp-json\/wp\/v2\/pages\/215\/revisions"}],"predecessor-version":[{"id":4009,"href":"https:\/\/laiva.com.mx\/en\/wp-json\/wp\/v2\/pages\/215\/revisions\/4009"}],"wp:attachment":[{"href":"https:\/\/laiva.com.mx\/en\/wp-json\/wp\/v2\/media?parent=215"}],"curies":[{"name":"wp","href":"https:\/\/api.w.org\/{rel}","templated":true}]}}